{"id":5445,"date":"2021-04-01T18:59:36","date_gmt":"2021-04-01T18:59:36","guid":{"rendered":"https:\/\/team-of-art.eu\/terms-and-conditions-of-use\/"},"modified":"2022-09-13T17:47:18","modified_gmt":"2022-09-13T15:47:18","slug":"terms-and-conditions-of-use","status":"publish","type":"page","link":"https:\/\/team-of-art.eu\/fr\/terms-and-conditions-of-use\/","title":{"rendered":"License"},"content":{"rendered":"\n<p><strong>Ressources gratuites pour une utilisation non commerciale<\/strong><\/p>\n\n<p>Toutes les ressources de Team of Art sont publi\u00e9es sous la licence Creative Commons : Attribution &#8211; Pas d\u2019Utilisation Commerciale &#8211; Partage dans les M\u00eames Conditions 4.0 International.<\/p>\n\n<p>Ainsi, vous pouvez utiliser toutes les ressources (ebooks, textes, images, vid\u00e9os, etc.) cr\u00e9\u00e9es par l&rsquo;\u00e9quipe de Team of Art pour vos propres cours, formations, conf\u00e9rences, th\u00e8ses, etc., \u00e0 condition de faire r\u00e9f\u00e9rence \u00e0 nos ressources comme source principale.<\/p>\n\n<p>Il vous est interdit d&rsquo;utiliser les ressources \u00e0 des fins commerciales (revente ou frais d&rsquo;inscription) ; si vous diffusez les ressources telles quelles ou modifi\u00e9es, cela doit \u00eatre dans les m\u00eames conditions.<\/p>\n","protected":false},"excerpt":{"rendered":"<p>Ressources gratuites pour une utilisation non commerciale Toutes les ressources de Team of Art sont publi\u00e9es sous la licence Creative Commons : Attribution &#8211; Pas d\u2019Utilisation Commerciale &#8211; Partage dans les M\u00eames Conditions 4.0 International. Ainsi, vous pouvez utiliser toutes les ressources (ebooks, textes, images, vid\u00e9os, etc.) cr\u00e9\u00e9es par l&rsquo;\u00e9quipe de Team of Art pour [&hellip;]<\/p>\n","protected":false},"author":2,"featured_media":0,"parent":0,"menu_order":0,"comment_status":"closed","ping_status":"closed","template":"","meta":{"_acf_changed":false,"_et_pb_use_builder":"off","_et_pb_old_content":"","_et_gb_content_width":"","footnotes":""},"class_list":["post-5445","page","type-page","status-publish","hentry"],"acf":[],"_links":{"self":[{"href":"https:\/\/team-of-art.eu\/fr\/wp-json\/wp\/v2\/pages\/5445"}],"collection":[{"href":"https:\/\/team-of-art.eu\/fr\/wp-json\/wp\/v2\/pages"}],"about":[{"href":"https:\/\/team-of-art.eu\/fr\/wp-json\/wp\/v2\/types\/page"}],"author":[{"embeddable":true,"href":"https:\/\/team-of-art.eu\/fr\/wp-json\/wp\/v2\/users\/2"}],"replies":[{"embeddable":true,"href":"https:\/\/team-of-art.eu\/fr\/wp-json\/wp\/v2\/comments?post=5445"}],"version-history":[{"count":4,"href":"https:\/\/team-of-art.eu\/fr\/wp-json\/wp\/v2\/pages\/5445\/revisions"}],"predecessor-version":[{"id":5450,"href":"https:\/\/team-of-art.eu\/fr\/wp-json\/wp\/v2\/pages\/5445\/revisions\/5450"}],"wp:attachment":[{"href":"https:\/\/team-of-art.eu\/fr\/wp-json\/wp\/v2\/media?parent=5445"}],"curies":[{"name":"wp","href":"https:\/\/api.w.org\/{rel}","templated":true}]}}