{"id":365,"date":"2021-05-10T19:34:38","date_gmt":"2021-05-10T17:34:38","guid":{"rendered":"https:\/\/team-of-art.eu\/a-propos\/"},"modified":"2022-12-16T16:05:03","modified_gmt":"2022-12-16T15:05:03","slug":"a-propos","status":"publish","type":"page","link":"https:\/\/team-of-art.eu\/fr\/a-propos\/","title":{"rendered":"\u00c0 Propos"},"content":{"rendered":"<p>[et_pb_section fb_built=\u00a0\u00bb1&Prime; _builder_version=\u00a0\u00bb4.9.2&Prime; _module_preset=\u00a0\u00bbdefault\u00a0\u00bb use_background_color_gradient=\u00a0\u00bbon\u00a0\u00bb background_image=\u00a0\u00bbhttps:\/\/team-of-art.eu\/wp-content\/uploads\/2021\/04\/stale-grut-f5MWSw11jjo-unsplash-scaled.jpg\u00a0\u00bb width=\u00a0\u00bb100vw\u00a0\u00bb height=\u00a0\u00bb80vh\u00a0\u00bb global_colors_info=\u00a0\u00bb{}\u00a0\u00bb][\/et_pb_section][et_pb_section fb_built=\u00a0\u00bb1&Prime; _builder_version=\u00a0\u00bb4.9.2&Prime; _module_preset=\u00a0\u00bbdefault\u00a0\u00bb global_colors_info=\u00a0\u00bb{}\u00a0\u00bb][et_pb_row _builder_version=\u00a0\u00bb4.9.2&Prime; _module_preset=\u00a0\u00bbdefault\u00a0\u00bb global_colors_info=\u00a0\u00bb{}\u00a0\u00bb][et_pb_column type=\u00a0\u00bb4_4&Prime; _builder_version=\u00a0\u00bb4.9.2&Prime; _module_preset=\u00a0\u00bbdefault\u00a0\u00bb global_colors_info=\u00a0\u00bb{}\u00a0\u00bb][et_pb_text _builder_version=\u00a0\u00bb4.9.3&Prime; _module_preset=\u00a0\u00bbdefault\u00a0\u00bb header_font=\u00a0\u00bbNoto Serif||||||||\u00a0\u00bb header_font_size=\u00a0\u00bb48px\u00a0\u00bb global_colors_info=\u00a0\u00bb{}\u00a0\u00bb]<\/p>\n<h1><strong>Team of Art<\/strong><\/h1>\n<p>[\/et_pb_text][et_pb_text _builder_version=\u00a0\u00bb4.14.8&Prime; _module_preset=\u00a0\u00bbdefault\u00a0\u00bb header_3_font=\u00a0\u00bbRoboto||||||||\u00a0\u00bb header_3_font_size=\u00a0\u00bb34px\u00a0\u00bb hover_enabled=\u00a0\u00bb0&Prime; global_colors_info=\u00a0\u00bb{}\u00a0\u00bb sticky_enabled=\u00a0\u00bb0&Prime;]<\/p>\n<h3>\u00c0 propos du projet <a href=\"https:\/\/www.youtube.com\/watch?v=BulcHfHJAdw\" class=\"video_popup\"><img decoding=\"async\" style=\"width: 5%; min-width: 40px; margin-left: 20px; vertical-align: text-bottom;\" src=\"https:\/\/team-of-art.eu\/wp-content\/uploads\/2022\/02\/713c89db591b02b3b29cc74cb4299c08.jpeg\" alt=\"play btn for sign langage video\" \/><\/a><\/h3>\n<p>[\/et_pb_text][et_pb_code _builder_version=\u00a0\u00bb4.14.8&Prime; _module_preset=\u00a0\u00bbdefault\u00a0\u00bb global_colors_info=\u00a0\u00bb{}\u00a0\u00bb]<!-- [et_pb_line_break_holder] --><script type=\"text\/javascript\"><!-- [et_pb_line_break_holder] -->(function($) {<!-- [et_pb_line_break_holder] -->\t$(document).ready(function() {<!-- [et_pb_line_break_holder] -->\t\t$('a.video_popup, .video_popup a').magnificPopup({<!-- [et_pb_line_break_holder] -->\t\t\ttype: 'iframe',<!-- [et_pb_line_break_holder] -->\t\t\tmainClass: 'mfp-fade',<!-- [et_pb_line_break_holder] -->\t\t\tremovalDelay: 160,<!-- [et_pb_line_break_holder] -->\t\t\tpreloader: false,<!-- [et_pb_line_break_holder] -->\t\t\tfixedContentPos: false<!-- [et_pb_line_break_holder] -->\t\t});<!-- [et_pb_line_break_holder] -->\t});<!-- [et_pb_line_break_holder] -->})(jQuery);<!-- [et_pb_line_break_holder] --><\/script>[\/et_pb_code][et_pb_text _builder_version=\u00a0\u00bb4.9.3&Prime; _module_preset=\u00a0\u00bbdefault\u00a0\u00bb text_font=\u00a0\u00bbRoboto||||||||\u00a0\u00bb text_font_size=\u00a0\u00bb16px\u00a0\u00bb global_colors_info=\u00a0\u00bb{}\u00a0\u00bb]<\/p>\n<p><span style=\"font-weight: 400;\">L&rsquo;acc\u00e8s \u00e0 l&rsquo;art et \u00e0 la culture fait partie des comp\u00e9tences de base et permet un apprentissage compl\u00e9mentaire \u00e0 la lecture et \u00e0 l&rsquo;\u00e9criture. La question de l&rsquo;accessibilit\u00e9 d&rsquo;une image, tant dans son ressenti que dans sa compr\u00e9hension, se pose \u00e0 la fois sous forme physique et num\u00e9rique. Pour \u00eatre vraiment inclusive, l&rsquo;accessibilit\u00e9 de l&rsquo;image doit inclure les personnes ayant des probl\u00e8mes de DYS, des handicaps, etc.<\/span><\/p>\n<p><span style=\"font-weight: 400;\">Dans cet esprit, Team of Art vise \u00e0 atteindre les objectifs suivants:<\/span><\/p>\n<ol>\n<li style=\"list-style-type: none;\">\n<ol>\n<li><span style=\"font-weight: 400;\">La mise en \u0153uvre d&rsquo;une approche narrative et visuelle dans la pr\u00e9sentation d&rsquo;\u0153uvres d&rsquo;art pour des apprenants peu ou pas qualifi\u00e9s et ayant des besoins particuliers. En effet, les publics cibles du projet ont g\u00e9n\u00e9ralement peu ou pas d&rsquo;acc\u00e8s \u00e0 la culture et leurs comp\u00e9tences de base (lecture et \u00e9criture) ne sont pas ou pas bien acquises. Le contenu d&rsquo;une exposition virtuelle utilisant les codes standards de la m\u00e9diation (affichage de l&rsquo;\u0153uvre, \u00e9tiquette) peut rapidement s&rsquo;av\u00e9rer inaccessible. La pr\u00e9sentation d&rsquo;\u0153uvres \u00e0 travers une exp\u00e9rimentation narrative va dans le sens d&rsquo;une plus grande accessibilit\u00e9 et inclusion.<\/span><\/li>\n<li><span style=\"font-weight: 400;\"> \u00a0 Combinez l&rsquo;acc\u00e8s \u00e0 la culture europ\u00e9enne avec l&rsquo;acquisition de comp\u00e9tences de base. Les publics cibles du projet ont g\u00e9n\u00e9ralement peu ou pas d&rsquo;acc\u00e8s aux livres et au patrimoine culturel, qui sont n\u00e9anmoins de grands vecteurs d&rsquo;apprentissage et de d\u00e9veloppement personnel. C&rsquo;est pourquoi notre d\u00e9fi est de combiner une pr\u00e9sentation accessible, narr\u00e9e et interactive des \u0153uvres d&rsquo;art avec un langage \u00abfacile \u00e0 lire et \u00e0 comprendre\u00bb (fix\u00e9 au niveau B par le Cadre commun de r\u00e9f\u00e9rence pour les langues [CECR]) et ainsi contribuer \u00e0 la transmission d&rsquo;un patrimoine culturel commun et \u00e0 l&rsquo;int\u00e9gration de publics ayant peu ou pas d&rsquo;acc\u00e8s traditionnel \u00e0 ce patrimoine.<\/span><\/li>\n<li><span style=\"font-weight: 400;\">Encourager les formes innovantes de m\u00e9diation culturelle et de formation \u00e0 l&rsquo;aide d&rsquo;outils num\u00e9riques. Les professionnels de la formation et de la m\u00e9diation (\u00e9ducateurs, formateurs, m\u00e9diateurs) ne sont pas toujours conscients de l&rsquo;utilisation des outils num\u00e9riques et des innovations technologiques (logiciels d&rsquo;\u00e9dition num\u00e9rique, animation d&rsquo;\u0153uvres, etc.) pour la construction de mat\u00e9riaux modernes r\u00e9pondant \u00e0 leurs besoins et objectifs p\u00e9dagogiques particuliers.<\/span><\/li>\n<\/ol>\n<\/li>\n<\/ol>\n<p><span style=\"font-weight: 400;\"><\/span><\/p>\n<p>&nbsp;<\/p>\n<p>[\/et_pb_text][\/et_pb_column][\/et_pb_row][et_pb_row column_structure=\u00a0\u00bb1_3,1_3,1_3&Prime; _builder_version=\u00a0\u00bb4.9.2&Prime; _module_preset=\u00a0\u00bbdefault\u00a0\u00bb global_colors_info=\u00a0\u00bb{}\u00a0\u00bb][et_pb_column type=\u00a0\u00bb1_3&Prime; _builder_version=\u00a0\u00bb4.9.2&Prime; _module_preset=\u00a0\u00bbdefault\u00a0\u00bb global_colors_info=\u00a0\u00bb{}\u00a0\u00bb][et_pb_image src=\u00a0\u00bbhttps:\/\/team-of-art.eu\/wp-content\/uploads\/2021\/04\/02_zoom-details.png\u00a0\u00bb title_text=\u00a0\u00bb02_zoom-details\u00a0\u00bb _builder_version=\u00a0\u00bb4.9.2&Prime; _module_preset=\u00a0\u00bbdefault\u00a0\u00bb global_colors_info=\u00a0\u00bb{}\u00a0\u00bb][\/et_pb_image][\/et_pb_column][et_pb_column type=\u00a0\u00bb1_3&Prime; _builder_version=\u00a0\u00bb4.9.2&Prime; _module_preset=\u00a0\u00bbdefault\u00a0\u00bb global_colors_info=\u00a0\u00bb{}\u00a0\u00bb][et_pb_image src=\u00a0\u00bbhttps:\/\/team-of-art.eu\/wp-content\/uploads\/2021\/04\/01_zoom-characters.png\u00a0\u00bb title_text=\u00a0\u00bb01_zoom-characters\u00a0\u00bb _builder_version=\u00a0\u00bb4.9.2&Prime; _module_preset=\u00a0\u00bbdefault\u00a0\u00bb global_colors_info=\u00a0\u00bb{}\u00a0\u00bb][\/et_pb_image][\/et_pb_column][et_pb_column type=\u00a0\u00bb1_3&Prime; _builder_version=\u00a0\u00bb4.9.2&Prime; _module_preset=\u00a0\u00bbdefault\u00a0\u00bb global_colors_info=\u00a0\u00bb{}\u00a0\u00bb][et_pb_image src=\u00a0\u00bbhttps:\/\/team-of-art.eu\/wp-content\/uploads\/2021\/04\/03_zoom-landscape.png\u00a0\u00bb title_text=\u00a0\u00bb03_zoom-landscape\u00a0\u00bb _builder_version=\u00a0\u00bb4.9.2&Prime; _module_preset=\u00a0\u00bbdefault\u00a0\u00bb global_colors_info=\u00a0\u00bb{}\u00a0\u00bb][\/et_pb_image][\/et_pb_column][\/et_pb_row][et_pb_row _builder_version=\u00a0\u00bb4.9.2&Prime; _module_preset=\u00a0\u00bbdefault\u00a0\u00bb global_colors_info=\u00a0\u00bb{}\u00a0\u00bb][et_pb_column type=\u00a0\u00bb4_4&Prime; _builder_version=\u00a0\u00bb4.9.2&Prime; _module_preset=\u00a0\u00bbdefault\u00a0\u00bb global_colors_info=\u00a0\u00bb{}\u00a0\u00bb][et_pb_text _builder_version=\u00a0\u00bb4.9.3&Prime; _module_preset=\u00a0\u00bbdefault\u00a0\u00bb text_font=\u00a0\u00bbRoboto||||||||\u00a0\u00bb text_font_size=\u00a0\u00bb16px\u00a0\u00bb global_colors_info=\u00a0\u00bb{}\u00a0\u00bb]<\/p>\n<p><span style=\"font-weight: 400;\">5 productions intellectuelles:<\/span><\/p>\n<ul>\n<li style=\"list-style-type: none;\">\n<ul>\n<li style=\"font-weight: 400; text-align: left;\" aria-level=\"1\"><span style=\"font-weight: 400;\">Une exposition virtuelle qui rassemblera plus de 120 \u0153uvres d&rsquo;art anim\u00e9es et d\u00e9filantes d&rsquo;artistes europ\u00e9ens c\u00e9l\u00e8bres couvrant un large \u00e9ventail d&rsquo;\u00e9poques, de styles et de techniques artistiques;<\/span><\/li>\n<li style=\"font-weight: 400; text-align: left;\" aria-level=\"1\"><span style=\"font-weight: 400;\">Un glossaire accessible des principaux termes artistiques, illustr\u00e9 et accompagn\u00e9 de vid\u00e9os en langue des signes;<\/span><\/li>\n<li style=\"font-weight: 400; text-align: left;\" aria-level=\"1\"><span style=\"font-weight: 400;\">10 des fichiers p\u00e9dagogiques qui vous permettront de travailler autour des \u0153uvres racont\u00e9es. Ces fichiers seront cr\u00e9\u00e9s autour de th\u00e8mes artistiques transversaux, rassemblant en moyenne une dizaine d&rsquo;\u0153uvres de la section \u00abexposition virtuelle\u00bb.<\/span><\/li>\n<li style=\"font-weight: 400; text-align: left;\" aria-level=\"1\"><span style=\"font-weight: 400;\">30 fiches pratiques avec des conseils pour les \u00e9ducateurs, des astuces d&rsquo;ateliers et des tutoriels pour les aider \u00e0 utiliser les ressources cr\u00e9\u00e9es dans le cadre de leur activit\u00e9 professionnelle.<\/span><\/li>\n<li style=\"font-weight: 400; text-align: left;\" aria-level=\"1\"><span style=\"font-weight: 400;\">Un guide de mise en \u0153uvre p\u00e9dagogique qui vise \u00e0 r\u00e9pondre \u00e0 des questions g\u00e9n\u00e9rales et pratiques: <\/span><i><span style=\"font-weight: 400;\">Quelles sont les difficult\u00e9s qui peuvent emp\u00eacher d&rsquo;approcher et de comprendre une \u0153uvre d&rsquo;art? Comment rendre la pr\u00e9sentation d&rsquo;une \u0153uvre d&rsquo;art utile pour l&rsquo;accessibilit\u00e9 de sa composition et sa signification culturelle? Par quel processus, vocabulaire, narration puis-je favoriser l&rsquo;entr\u00e9e dans l&rsquo;\u0153uvre pour maximiser son ressenti et conduire \u00e0 sa compr\u00e9hension pour un public peu ou pas qualifi\u00e9?<\/span><\/i><i><span style=\"font-weight: 400;\"><\/span><\/i><\/li>\n<\/ul>\n<\/li>\n<\/ul>\n<p><span style=\"font-weight: 400;\">Par son approche transversale et multisectorielle, ce projet permet d&rsquo;aborder ensemble les priorit\u00e9s cl\u00e9s de l&rsquo;Union europ\u00e9enne telles que la promotion de la culture et du patrimoine, le renforcement et l&rsquo;\u00e9largissement des comp\u00e9tences num\u00e9riques des formateurs et l&rsquo;am\u00e9lioration de l&rsquo;apprentissage des langues (lecture et \u00e9criture) parmi adultes.<\/span><\/p>\n<p><span style=\"font-weight: 400;\">\u00a0<\/span><\/p>\n<p><span style=\"font-weight: 400;\">Dur\u00e9e du projet: 01\/11\/2020 &#8211; 31\/10\/2022<\/span><\/p>\n<p><span style=\"font-weight: 400;\">Project Num\u00e9ro: 2020-1-EN01-KA204-080483<\/span><\/p>\n<p>[\/et_pb_text][\/et_pb_column][\/et_pb_row][\/et_pb_section][et_pb_section fb_built=\u00a0\u00bb1&Prime; _builder_version=\u00a0\u00bb4.9.2&Prime; _module_preset=\u00a0\u00bbdefault\u00a0\u00bb background_color=\u00a0\u00bb#c7c7c7&Prime; background_image=\u00a0\u00bbhttps:\/\/team-of-art.eu\/wp-content\/uploads\/2021\/04\/jerome-bosh-mockups-general.png\u00a0\u00bb max_width=\u00a0\u00bb100vw\u00a0\u00bb height=\u00a0\u00bb90vh\u00a0\u00bb global_colors_info=\u00a0\u00bb{}\u00a0\u00bb][et_pb_row _builder_version=\u00a0\u00bb4.9.2&Prime; _module_preset=\u00a0\u00bbdefault\u00a0\u00bb global_colors_info=\u00a0\u00bb{}\u00a0\u00bb][et_pb_column type=\u00a0\u00bb4_4&Prime; _builder_version=\u00a0\u00bb4.9.2&Prime; _module_preset=\u00a0\u00bbdefault\u00a0\u00bb global_colors_info=\u00a0\u00bb{}\u00a0\u00bb][\/et_pb_column][\/et_pb_row][\/et_pb_section]<\/p>\n","protected":false},"excerpt":{"rendered":"<p>Team of Art\u00c0 propos du projet L&rsquo;acc\u00e8s \u00e0 l&rsquo;art et \u00e0 la culture fait partie des comp\u00e9tences de base et permet un apprentissage compl\u00e9mentaire \u00e0 la lecture et \u00e0 l&rsquo;\u00e9criture. La question de l&rsquo;accessibilit\u00e9 d&rsquo;une image, tant dans son ressenti que dans sa compr\u00e9hension, se pose \u00e0 la fois sous forme physique et num\u00e9rique. Pour [&hellip;]<\/p>\n","protected":false},"author":2,"featured_media":0,"parent":0,"menu_order":0,"comment_status":"closed","ping_status":"closed","template":"","meta":{"_acf_changed":false,"_et_pb_use_builder":"on","_et_pb_old_content":"","_et_gb_content_width":"","footnotes":""},"class_list":["post-365","page","type-page","status-publish","hentry"],"acf":[],"_links":{"self":[{"href":"https:\/\/team-of-art.eu\/fr\/wp-json\/wp\/v2\/pages\/365"}],"collection":[{"href":"https:\/\/team-of-art.eu\/fr\/wp-json\/wp\/v2\/pages"}],"about":[{"href":"https:\/\/team-of-art.eu\/fr\/wp-json\/wp\/v2\/types\/page"}],"author":[{"embeddable":true,"href":"https:\/\/team-of-art.eu\/fr\/wp-json\/wp\/v2\/users\/2"}],"replies":[{"embeddable":true,"href":"https:\/\/team-of-art.eu\/fr\/wp-json\/wp\/v2\/comments?post=365"}],"version-history":[{"count":9,"href":"https:\/\/team-of-art.eu\/fr\/wp-json\/wp\/v2\/pages\/365\/revisions"}],"predecessor-version":[{"id":7684,"href":"https:\/\/team-of-art.eu\/fr\/wp-json\/wp\/v2\/pages\/365\/revisions\/7684"}],"wp:attachment":[{"href":"https:\/\/team-of-art.eu\/fr\/wp-json\/wp\/v2\/media?parent=365"}],"curies":[{"name":"wp","href":"https:\/\/api.w.org\/{rel}","templated":true}]}}