{"id":9859,"date":"2023-02-23T17:20:59","date_gmt":"2023-02-23T16:20:59","guid":{"rendered":"https:\/\/team-of-art.eu\/agradecimientos\/"},"modified":"2023-02-28T17:08:14","modified_gmt":"2023-02-28T16:08:14","slug":"agradecimientos","status":"publish","type":"page","link":"https:\/\/team-of-art.eu\/es\/agradecimientos\/","title":{"rendered":"Agradecimientos"},"content":{"rendered":"<p>[et_pb_section fb_built=\u00bb1&#8243; _builder_version=\u00bb4.16&#8243; _module_preset=\u00bbdefault\u00bb background_image=\u00bbhttps:\/\/team-of-art.eu\/wp-content\/uploads\/2021\/04\/alex-bracken-dMgG6eo3MNs-unsplash-scaled-1.jpg\u00bb height=\u00bb70vh\u00bb global_colors_info=\u00bb{}\u00bb][et_pb_row _builder_version=\u00bb4.16&#8243; _module_preset=\u00bbdefault\u00bb global_colors_info=\u00bb{}\u00bb][et_pb_column type=\u00bb4_4&#8243; _builder_version=\u00bb4.16&#8243; _module_preset=\u00bbdefault\u00bb global_colors_info=\u00bb{}\u00bb][\/et_pb_column][\/et_pb_row][\/et_pb_section][et_pb_section fb_built=\u00bb1&#8243; _builder_version=\u00bb4.16&#8243; _module_preset=\u00bbdefault\u00bb global_colors_info=\u00bb{}\u00bb][et_pb_row _builder_version=\u00bb4.16&#8243; _module_preset=\u00bbdefault\u00bb global_colors_info=\u00bb{}\u00bb][et_pb_column type=\u00bb4_4&#8243; _builder_version=\u00bb4.16&#8243; _module_preset=\u00bbdefault\u00bb global_colors_info=\u00bb{}\u00bb][et_pb_text _builder_version=\u00bb4.16&#8243; _module_preset=\u00bbdefault\u00bb header_font=\u00bbNoto Serif||||||||\u00bb header_text_align=\u00bbcenter\u00bb header_font_size=\u00bb48px\u00bb global_colors_info=\u00bb{}\u00bb]<\/p>\n<h1><strong>Agradecimientos<\/strong><\/h1>\n<p>[\/et_pb_text][\/et_pb_column][\/et_pb_row][et_pb_row _builder_version=\u00bb4.19.4&#8243; _module_preset=\u00bbdefault\u00bb global_colors_info=\u00bb{}\u00bb][et_pb_column type=\u00bb4_4&#8243; _builder_version=\u00bb4.19.4&#8243; _module_preset=\u00bbdefault\u00bb global_colors_info=\u00bb{}\u00bb][et_pb_text _builder_version=\u00bb4.19.4&#8243; _module_preset=\u00bb7e61fe56-9e25-4215-9437-60f8d87a8836&#8243; global_colors_info=\u00bb{}\u00bb]<\/p>\n<p style=\"text-align: center;\">Por su participaci\u00f3n en la implementaci\u00f3n del proyecto y la difusi\u00f3n de los resultados:<\/p>\n<p>[\/et_pb_text][et_pb_image src=\u00bbhttps:\/\/team-of-art.eu\/wp-content\/uploads\/2023\/02\/Kwalia-Gray-Logo.png\u00bb title_text=\u00bbKwalia-Gray-Logo\u00bb url=\u00bbhttps:\/\/kwalia.fr\/\u00bb align=\u00bbcenter\u00bb _builder_version=\u00bb4.19.4&#8243; _module_preset=\u00bbdefault\u00bb max_width=\u00bb400px\u00bb module_alignment=\u00bbcenter\u00bb custom_margin=\u00bb60px||||false|false\u00bb global_colors_info=\u00bb{}\u00bb][\/et_pb_image][et_pb_image src=\u00bbhttps:\/\/team-of-art.eu\/wp-content\/uploads\/2023\/02\/300449067_486035793525666_229349071001625240_n.png\u00bb title_text=\u00bbKwalia-Gray-Logo\u00bb align=\u00bbcenter\u00bb _builder_version=\u00bb4.19.4&#8243; _module_preset=\u00bbdefault\u00bb max_width=\u00bb300px\u00bb module_alignment=\u00bbcenter\u00bb custom_margin=\u00bb60px||||false|false\u00bb global_colors_info=\u00bb{}\u00bb][\/et_pb_image][et_pb_image src=\u00bbhttps:\/\/team-of-art.eu\/wp-content\/uploads\/2023\/02\/arton8506-d96c7.jpeg\u00bb title_text=\u00bbKwalia-Gray-Logo\u00bb align=\u00bbcenter\u00bb _builder_version=\u00bb4.19.4&#8243; _module_preset=\u00bbdefault\u00bb max_width=\u00bb380px\u00bb module_alignment=\u00bbcenter\u00bb custom_margin=\u00bb60px||||false|false\u00bb global_colors_info=\u00bb{}\u00bb][\/et_pb_image][et_pb_image src=\u00bbhttps:\/\/team-of-art.eu\/wp-content\/uploads\/2023\/02\/logo-U31.svg\u00bb title_text=\u00bbKwalia-Gray-Logo\u00bb align=\u00bbcenter\u00bb _builder_version=\u00bb4.19.4&#8243; _module_preset=\u00bbdefault\u00bb max_width=\u00bb300px\u00bb module_alignment=\u00bbcenter\u00bb custom_margin=\u00bb60px||||false|false\u00bb global_colors_info=\u00bb{}\u00bb][\/et_pb_image][et_pb_image src=\u00bbhttps:\/\/team-of-art.eu\/wp-content\/uploads\/2023\/02\/labo-de-ledition-paris.png\u00bb title_text=\u00bbKwalia-Gray-Logo\u00bb align=\u00bbcenter\u00bb _builder_version=\u00bb4.19.4&#8243; _module_preset=\u00bbdefault\u00bb max_width=\u00bb300px\u00bb module_alignment=\u00bbcenter\u00bb custom_margin=\u00bb60px||||false|false\u00bb global_colors_info=\u00bb{}\u00bb][\/et_pb_image][et_pb_image src=\u00bbhttps:\/\/team-of-art.eu\/wp-content\/uploads\/2023\/02\/exports-02.png\u00bb title_text=\u00bbKwalia-Gray-Logo\u00bb align=\u00bbcenter\u00bb _builder_version=\u00bb4.19.4&#8243; _module_preset=\u00bbdefault\u00bb max_width=\u00bb450px\u00bb module_alignment=\u00bbcenter\u00bb custom_margin=\u00bb60px||||false|false\u00bb global_colors_info=\u00bb{}\u00bb][\/et_pb_image][\/et_pb_column][\/et_pb_row][et_pb_row _builder_version=\u00bb4.19.4&#8243; _module_preset=\u00bbdefault\u00bb global_colors_info=\u00bb{}\u00bb][et_pb_column type=\u00bb4_4&#8243; _builder_version=\u00bb4.19.4&#8243; _module_preset=\u00bbdefault\u00bb global_colors_info=\u00bb{}\u00bb][et_pb_text _builder_version=\u00bb4.19.4&#8243; _module_preset=\u00bb7e61fe56-9e25-4215-9437-60f8d87a8836&#8243; global_colors_info=\u00bb{}\u00bb]<\/p>\n<p style=\"text-align: center;\">Por permitirnos usar sus obras:<\/p>\n<p>[\/et_pb_text][et_pb_image src=\u00bbhttps:\/\/team-of-art.eu\/wp-content\/uploads\/2023\/02\/chateau-de-versailles-logo-scaled.jpeg\u00bb title_text=\u00bbKwalia-Gray-Logo\u00bb align=\u00bbcenter\u00bb _builder_version=\u00bb4.19.4&#8243; _module_preset=\u00bbdefault\u00bb max_width=\u00bb500px\u00bb module_alignment=\u00bbcenter\u00bb custom_margin=\u00bb60px||||false|false\u00bb global_colors_info=\u00bb{}\u00bb][\/et_pb_image][et_pb_image src=\u00bbhttps:\/\/team-of-art.eu\/wp-content\/uploads\/2023\/02\/gagosian-logo-vector.png\u00bb title_text=\u00bbKwalia-Gray-Logo\u00bb align=\u00bbcenter\u00bb _builder_version=\u00bb4.19.4&#8243; _module_preset=\u00bbdefault\u00bb max_width=\u00bb390px\u00bb module_alignment=\u00bbcenter\u00bb custom_margin=\u00bb60px||||false|false\u00bb global_colors_info=\u00bb{}\u00bb][\/et_pb_image][et_pb_image src=\u00bbhttps:\/\/team-of-art.eu\/wp-content\/uploads\/2023\/02\/National_Gallery_of_Art_logo.svg\u00bb _builder_version=\u00bb4.19.4&#8243; _module_preset=\u00bbdefault\u00bb theme_builder_area=\u00bbpost_content\u00bb title_text=\u00bbNational_Gallery_of_Art_logo\u00bb url=\u00bbhttps:\/\/www.nga.gov\/about\/welcome-to-the-east-building.html\u00bb align=\u00bbcenter\u00bb hover_enabled=\u00bb0&#8243; sticky_enabled=\u00bb0&#8243; max_width=\u00bb100%\u00bb width=\u00bb100%\u00bb][\/et_pb_image][\/et_pb_column][\/et_pb_row][\/et_pb_section]<\/p>\n","protected":false},"excerpt":{"rendered":"<p>AgradecimientosPor su participaci\u00f3n en la implementaci\u00f3n del proyecto y la difusi\u00f3n de los resultados:Por permitirnos usar sus obras:<\/p>\n","protected":false},"author":3,"featured_media":0,"parent":0,"menu_order":0,"comment_status":"closed","ping_status":"closed","template":"","meta":{"_acf_changed":false,"_et_pb_use_builder":"on","_et_pb_old_content":"","_et_gb_content_width":"","footnotes":""},"class_list":["post-9859","page","type-page","status-publish","hentry"],"acf":[],"_links":{"self":[{"href":"https:\/\/team-of-art.eu\/es\/wp-json\/wp\/v2\/pages\/9859"}],"collection":[{"href":"https:\/\/team-of-art.eu\/es\/wp-json\/wp\/v2\/pages"}],"about":[{"href":"https:\/\/team-of-art.eu\/es\/wp-json\/wp\/v2\/types\/page"}],"author":[{"embeddable":true,"href":"https:\/\/team-of-art.eu\/es\/wp-json\/wp\/v2\/users\/3"}],"replies":[{"embeddable":true,"href":"https:\/\/team-of-art.eu\/es\/wp-json\/wp\/v2\/comments?post=9859"}],"version-history":[{"count":6,"href":"https:\/\/team-of-art.eu\/es\/wp-json\/wp\/v2\/pages\/9859\/revisions"}],"predecessor-version":[{"id":10043,"href":"https:\/\/team-of-art.eu\/es\/wp-json\/wp\/v2\/pages\/9859\/revisions\/10043"}],"wp:attachment":[{"href":"https:\/\/team-of-art.eu\/es\/wp-json\/wp\/v2\/media?parent=9859"}],"curies":[{"name":"wp","href":"https:\/\/api.w.org\/{rel}","templated":true}]}}