{"id":733,"date":"2021-06-10T15:25:33","date_gmt":"2021-06-10T13:25:33","guid":{"rendered":"https:\/\/team-of-art.eu\/acerca-de\/"},"modified":"2023-02-08T10:15:58","modified_gmt":"2023-02-08T09:15:58","slug":"acerca-de","status":"publish","type":"page","link":"https:\/\/team-of-art.eu\/es\/acerca-de\/","title":{"rendered":"Acerca de"},"content":{"rendered":"<p>[et_pb_section fb_built=\u00bb1&#8243; _builder_version=\u00bb4.9.2&#8243; _module_preset=\u00bbdefault\u00bb use_background_color_gradient=\u00bbon\u00bb background_image=\u00bbhttps:\/\/team-of-art.eu\/wp-content\/uploads\/2021\/04\/stale-grut-f5MWSw11jjo-unsplash-scaled.jpg\u00bb width=\u00bb100vw\u00bb height=\u00bb80vh\u00bb global_colors_info=\u00bb{}\u00bb][\/et_pb_section][et_pb_section fb_built=\u00bb1&#8243; _builder_version=\u00bb4.9.2&#8243; _module_preset=\u00bbdefault\u00bb global_colors_info=\u00bb{}\u00bb][et_pb_row _builder_version=\u00bb4.9.2&#8243; _module_preset=\u00bbdefault\u00bb global_colors_info=\u00bb{}\u00bb][et_pb_column type=\u00bb4_4&#8243; _builder_version=\u00bb4.9.2&#8243; _module_preset=\u00bbdefault\u00bb global_colors_info=\u00bb{}\u00bb][et_pb_text _builder_version=\u00bb4.9.3&#8243; _module_preset=\u00bbdefault\u00bb header_font=\u00bbNoto Serif||||||||\u00bb header_font_size=\u00bb48px\u00bb global_colors_info=\u00bb{}\u00bb]<\/p>\n<h1><strong>Team of Art<\/strong><\/h1>\n<p>[\/et_pb_text][et_pb_text _builder_version=\u00bb4.14.8&#8243; _module_preset=\u00bbdefault\u00bb header_3_font=\u00bbRoboto||||||||\u00bb header_3_font_size=\u00bb34px\u00bb hover_enabled=\u00bb0&#8243; global_colors_info=\u00bb{}\u00bb sticky_enabled=\u00bb0&#8243;]<\/p>\n<h3>El proyecto <a href=\"https:\/\/www.youtube.com\/watch?v=BulcHfHJAdw\" class=\"video_popup\"><img decoding=\"async\" style=\"width: 5%; min-width: 40px; margin-left: 20px; vertical-align: text-bottom;\" src=\"https:\/\/team-of-art.eu\/wp-content\/uploads\/2022\/02\/713c89db591b02b3b29cc74cb4299c08.jpeg\" alt=\"play btn for sign langage video\" \/><\/a><\/h3>\n<p>[\/et_pb_text][et_pb_code _builder_version=\u00bb4.14.8&#8243; _module_preset=\u00bbdefault\u00bb global_colors_info=\u00bb{}\u00bb]<!-- [et_pb_line_break_holder] -->\n<pee><script type=\"text\/javascript\"><!-- [et_pb_line_break_holder] -->(function($) {<!-- [et_pb_line_break_holder] -->\t$(document).ready(function() {<!-- [et_pb_line_break_holder] -->\t\t$('a.video_popup, .video_popup a').magnificPopup({<!-- [et_pb_line_break_holder] -->\t\t\ttype: 'iframe',<!-- [et_pb_line_break_holder] -->\t\t\tmainClass: 'mfp-fade',<!-- [et_pb_line_break_holder] -->\t\t\tremovalDelay: 160,<!-- [et_pb_line_break_holder] -->\t\t\tpreloader: false,<!-- [et_pb_line_break_holder] -->\t\t\tfixedContentPos: false<!-- [et_pb_line_break_holder] -->\t\t});<!-- [et_pb_line_break_holder] -->\t});<!-- [et_pb_line_break_holder] -->})(jQuery);<!-- [et_pb_line_break_holder] --><\/script><\/pee>[\/et_pb_code][et_pb_text _builder_version=\u00bb4.9.3&#8243; _module_preset=\u00bbdefault\u00bb text_font=\u00bbRoboto||||||||\u00bb text_font_size=\u00bb16px\u00bb global_colors_info=\u00bb{}\u00bb]<\/p>\n<p>El acceso al arte y a la cultura son parte de las habilidades b\u00e1sicas que complementan el aprendizaje como son la lectura y la escritura. La accesibilidad a una imagen implica tanto entenderla como sentirla e incluye tanto el formato f\u00edsico como el digital. Por tanto, para que una imagen sea realmente inclusiva, \u00e9sta debe de ser accesible tambi\u00e9n para personas con discapacidad cognitiva, visual, auditiva y motriz.<\/p>\n<p><span style=\"font-weight: 400;\">Teniendo en cuenta todo esto, Team of Art tiene como objetivos:<\/span><\/p>\n<ol>\n<li style=\"list-style-type: none;\">\n<ol>\n<li>Implementar un enfoque narrativo y visual en las presentaciones de las obras de arte para alumnos con necesidades especiales.<br \/>\nTeniendo en cuenta que el grupo destinatario del proyecto son las personas que tienen un acceso restringido o nulo a la cultura y que presentan dificultades en las habilidades b\u00e1sicas como la lectura y la escritura, el contenido presentado muestra texto sencillo e im\u00e1genes que lo soportan, convirti\u00e9ndose, as\u00ed, en un contenido accesible e inclusivo.<\/li>\n<li>Combinar el acceso a la cultura europea con la adquisici\u00f3n de habilidades y competencias b\u00e1sicas.<br \/>\nCon el fin de contribuir a la transmisi\u00f3n del patrimonio cultural europeo com\u00fan y a la integraci\u00f3n de la audiencia y del p\u00fablico con poco acceso a este patrimonio, nuestro mayor reto se convierte en combinar la accesibilidad, la presentaci\u00f3n de obras de arte con narrativas y la interactividad. Para conseguirlo, el lenguaje presentado es un nivel B del Marco Com\u00fan Europeo de Referencia para las lenguas [MCER].<\/li>\n<li>Promover formas innovadoras de formaci\u00f3n y mediaci\u00f3n cultural a trav\u00e9s de herramientas digitales.<br \/>\nMuchos de los profesionales en la formaci\u00f3n y mediaci\u00f3n (educadores, formadores y mediadores) padecen de los conocimientos b\u00e1sicos para usar las herramientas digitales y, por tanto, estar al d\u00eda de las innovaciones tecnol\u00f3gicas (softwares de edici\u00f3n digital, animaci\u00f3n de obras de arte, etc.). Por esta raz\u00f3n, es fundamental el desarrollo de este objetivo, ya que, de este modo, ser\u00e1n capaces de crear materiales modernos que encajen con sus objetivos y con las necesidades educativas de sus alumnos.<\/li>\n<\/ol>\n<\/li>\n<\/ol>\n<p>[\/et_pb_text][\/et_pb_column][\/et_pb_row][et_pb_row column_structure=\u00bb1_3,1_3,1_3&#8243; _builder_version=\u00bb4.9.2&#8243; _module_preset=\u00bbdefault\u00bb global_colors_info=\u00bb{}\u00bb][et_pb_column type=\u00bb1_3&#8243; _builder_version=\u00bb4.9.2&#8243; _module_preset=\u00bbdefault\u00bb global_colors_info=\u00bb{}\u00bb][et_pb_image src=\u00bbhttps:\/\/team-of-art.eu\/wp-content\/uploads\/2021\/04\/02_zoom-details.png\u00bb title_text=\u00bb02_zoom-details\u00bb _builder_version=\u00bb4.9.2&#8243; _module_preset=\u00bbdefault\u00bb global_colors_info=\u00bb{}\u00bb][\/et_pb_image][\/et_pb_column][et_pb_column type=\u00bb1_3&#8243; _builder_version=\u00bb4.9.2&#8243; _module_preset=\u00bbdefault\u00bb global_colors_info=\u00bb{}\u00bb][et_pb_image src=\u00bbhttps:\/\/team-of-art.eu\/wp-content\/uploads\/2021\/04\/01_zoom-characters.png\u00bb title_text=\u00bb01_zoom-characters\u00bb _builder_version=\u00bb4.9.2&#8243; _module_preset=\u00bbdefault\u00bb global_colors_info=\u00bb{}\u00bb][\/et_pb_image][\/et_pb_column][et_pb_column type=\u00bb1_3&#8243; _builder_version=\u00bb4.9.2&#8243; _module_preset=\u00bbdefault\u00bb global_colors_info=\u00bb{}\u00bb][et_pb_image src=\u00bbhttps:\/\/team-of-art.eu\/wp-content\/uploads\/2021\/04\/03_zoom-landscape.png\u00bb title_text=\u00bb03_zoom-landscape\u00bb _builder_version=\u00bb4.9.2&#8243; _module_preset=\u00bbdefault\u00bb global_colors_info=\u00bb{}\u00bb][\/et_pb_image][\/et_pb_column][\/et_pb_row][et_pb_row _builder_version=\u00bb4.9.2&#8243; _module_preset=\u00bbdefault\u00bb global_colors_info=\u00bb{}\u00bb][et_pb_column type=\u00bb4_4&#8243; _builder_version=\u00bb4.9.2&#8243; _module_preset=\u00bbdefault\u00bb global_colors_info=\u00bb{}\u00bb][et_pb_text _builder_version=\u00bb4.9.3&#8243; _module_preset=\u00bbdefault\u00bb text_font=\u00bbRoboto||||||||\u00bb text_font_size=\u00bb16px\u00bb global_colors_info=\u00bb{}\u00bb]<\/p>\n<p><span style=\"font-weight: 400;\">A continuaci\u00f3n les presentamos cinco producciones intelectuales:<\/span><\/p>\n<ul>\n<li style=\"list-style-type: none;\">\n<ul>\n<li style=\"font-weight: 400; text-align: left;\" aria-level=\"1\"><span style=\"font-weight: 400;\">Una exposici\u00f3n virtual que re\u00fane m\u00e1s de 120 obras de arte animadas y desplazables de famosos artistas europeos que abarcan una amplia gama de \u00e9pocas, estilos y t\u00e9cnicas art\u00edsticas.<\/span><\/li>\n<li style=\"font-weight: 400; text-align: left;\" aria-level=\"1\"><span style=\"font-weight: 400;\">Un glosario de t\u00e9rminos art\u00edsticos clave, ilustrado y acompa\u00f1ado de v\u00eddeos en lengua de signo.<\/span><\/li>\n<li style=\"font-weight: 400; text-align: left;\" aria-level=\"1\"><span style=\"font-weight: 400;\">10 fichas pedag\u00f3gicas que le permitir\u00e1n trabajar las obras narradas. Estas fichas han estado creadas en torno a temas art\u00edsticos transversales, reuniendo una media de diez obras de la secci\u00f3n \u00bb exposici\u00f3n virtual \u00ab.<\/span><\/li>\n<li style=\"font-weight: 400; text-align: left;\" aria-level=\"1\"><span style=\"font-weight: 400;\">30 fichas pr\u00e1cticas con consejos para los educadores para mejorar los talleres y tutoriales con el fin de ayudarles a utilizar los recursos creados en el marco de su actividad profesional.<\/span><\/li>\n<li style=\"font-weight: 400; text-align: left;\" aria-level=\"1\"><span style=\"font-weight: 400;\">A pedagogical implementation guide that aims to answer general and practical questions: <\/span><i><span style=\"font-weight: 400;\">Una gu\u00eda de aplicaci\u00f3n pedag\u00f3gica que pretende responder a preguntas generales y pr\u00e1cticas: \u00bfCu\u00e1les son las dificultades que pueden impedir el acercamiento y la comprensi\u00f3n de una obra de arte? \u00bfQu\u00e9 debe de tener una presentaci\u00f3n de una obra de arte para que tenga lugar su composici\u00f3n y significado cultural? \u00bf Mediante qu\u00e9 proceso, vocabulario y narraci\u00f3n se puede promover la entrada en la obra para maximizar su sentimiento y llevar su comprensi\u00f3n al p\u00fablico poco o nada cualificado ?<\/span><\/i><i><\/i><\/li>\n<\/ul>\n<\/li>\n<\/ul>\n<p>Gracias a su enfoque transversal y multisectorial, este proyecto permite tratar, de forma conjunta, las prioridades clave de la Uni\u00f3n Europea como la promoci\u00f3n del patrimonio cultural, la mejora de las competencias digitales de los educadores y el refuerzo del aprendizaje de lenguas (lectura y escritura) entre los adultos.<\/p>\n<p><span style=\"font-weight: 400;\">\u00a0<\/span><\/p>\n<p><span style=\"font-weight: 400;\">Duraci\u00f3n del proyecto:\u00a001\/11\/2020 &#8211; 31\/10\/2022<\/span><\/p>\n<p><span style=\"font-weight: 400;\">N\u00famero del proyecto: 2020-1-EN01-KA204-080483<\/span><\/p>\n<p>[\/et_pb_text][\/et_pb_column][\/et_pb_row][\/et_pb_section][et_pb_section fb_built=\u00bb1&#8243; _builder_version=\u00bb4.9.2&#8243; _module_preset=\u00bbdefault\u00bb background_color=\u00bb#c7c7c7&#8243; background_image=\u00bbhttps:\/\/team-of-art.eu\/wp-content\/uploads\/2021\/04\/jerome-bosh-mockups-general.png\u00bb max_width=\u00bb100vw\u00bb height=\u00bb90vh\u00bb global_colors_info=\u00bb{}\u00bb][et_pb_row _builder_version=\u00bb4.9.2&#8243; _module_preset=\u00bbdefault\u00bb global_colors_info=\u00bb{}\u00bb][et_pb_column type=\u00bb4_4&#8243; _builder_version=\u00bb4.9.2&#8243; _module_preset=\u00bbdefault\u00bb global_colors_info=\u00bb{}\u00bb][\/et_pb_column][\/et_pb_row][\/et_pb_section]<\/p>\n","protected":false},"excerpt":{"rendered":"<p>Team of ArtEl proyecto El acceso al arte y a la cultura son parte de las habilidades b\u00e1sicas que complementan el aprendizaje como son la lectura y la escritura. La accesibilidad a una imagen implica tanto entenderla como sentirla e incluye tanto el formato f\u00edsico como el digital. Por tanto, para que una imagen sea [&hellip;]<\/p>\n","protected":false},"author":2,"featured_media":0,"parent":0,"menu_order":0,"comment_status":"closed","ping_status":"closed","template":"","meta":{"_acf_changed":false,"_et_pb_use_builder":"on","_et_pb_old_content":"","_et_gb_content_width":"","footnotes":""},"class_list":["post-733","page","type-page","status-publish","hentry"],"acf":[],"_links":{"self":[{"href":"https:\/\/team-of-art.eu\/es\/wp-json\/wp\/v2\/pages\/733"}],"collection":[{"href":"https:\/\/team-of-art.eu\/es\/wp-json\/wp\/v2\/pages"}],"about":[{"href":"https:\/\/team-of-art.eu\/es\/wp-json\/wp\/v2\/types\/page"}],"author":[{"embeddable":true,"href":"https:\/\/team-of-art.eu\/es\/wp-json\/wp\/v2\/users\/2"}],"replies":[{"embeddable":true,"href":"https:\/\/team-of-art.eu\/es\/wp-json\/wp\/v2\/comments?post=733"}],"version-history":[{"count":9,"href":"https:\/\/team-of-art.eu\/es\/wp-json\/wp\/v2\/pages\/733\/revisions"}],"predecessor-version":[{"id":9706,"href":"https:\/\/team-of-art.eu\/es\/wp-json\/wp\/v2\/pages\/733\/revisions\/9706"}],"wp:attachment":[{"href":"https:\/\/team-of-art.eu\/es\/wp-json\/wp\/v2\/media?parent=733"}],"curies":[{"name":"wp","href":"https:\/\/api.w.org\/{rel}","templated":true}]}}